{"id":10,"date":"2021-03-05T13:21:31","date_gmt":"2021-03-05T13:21:31","guid":{"rendered":"https:\/\/doktor-pro.at\/?page_id=10"},"modified":"2021-03-05T15:30:39","modified_gmt":"2021-03-05T15:30:39","slug":"ekg","status":"publish","type":"page","link":"https:\/\/doktor-pro.at\/?page_id=10","title":{"rendered":"ekg"},"content":{"rendered":"\t\t<div data-elementor-type=\"wp-page\" data-elementor-id=\"10\" class=\"elementor elementor-10\">\n\t\t\t\t\t\t<section class=\"elementor-section elementor-top-section elementor-element elementor-element-39889b5 elementor-section-boxed elementor-section-height-default elementor-section-height-default\" data-id=\"39889b5\" data-element_type=\"section\" data-e-type=\"section\">\n\t\t\t\t\t\t<div class=\"elementor-container elementor-column-gap-default\">\n\t\t\t\t\t<div class=\"elementor-column elementor-col-100 elementor-top-column elementor-element elementor-element-e0f76c1\" data-id=\"e0f76c1\" data-element_type=\"column\" data-e-type=\"column\">\n\t\t\t<div class=\"elementor-widget-wrap\">\n\t\t\t\t\t\t\t<\/div>\n\t\t<\/div>\n\t\t\t\t\t<\/div>\n\t\t<\/section>\n\t\t\t\t<section class=\"elementor-section elementor-top-section elementor-element elementor-element-7196a78 elementor-section-boxed elementor-section-height-default elementor-section-height-default\" data-id=\"7196a78\" data-element_type=\"section\" data-e-type=\"section\">\n\t\t\t\t\t\t\t<div class=\"elementor-background-overlay\"><\/div>\n\t\t\t\t\t\t\t<div class=\"elementor-container elementor-column-gap-default\">\n\t\t\t\t\t<div class=\"elementor-column elementor-col-100 elementor-top-column elementor-element elementor-element-9bcb5f2\" data-id=\"9bcb5f2\" data-element_type=\"column\" data-e-type=\"column\">\n\t\t\t<div class=\"elementor-widget-wrap elementor-element-populated\">\n\t\t\t\t\t\t<div class=\"elementor-element elementor-element-9f0871b elementor-widget elementor-widget-text-editor\" data-id=\"9f0871b\" data-element_type=\"widget\" data-e-type=\"widget\" data-widget_type=\"text-editor.default\">\n\t\t\t\t<div class=\"elementor-widget-container\">\n\t\t\t\t\t\t\t\t\t<h1 id=\"firstHeading\" class=\"firstHeading\">Elektrokardiogramm<\/h1><p>Das <b>Elektrokardiogramm<\/b> (<b>EKG<\/b>) (zu <a title=\"Altgriechische Sprache\" href=\"https:\/\/de.wikipedia.org\/wiki\/Altgriechische_Sprache\">altgriechisch<\/a> <span class=\"Grek\" lang=\"grc-Grek\">\u03ba\u03b1\u03c1\u03b4\u03af\u03b1<\/span> <span class=\"Latn\" lang=\"grc-Latn\">kard\u00eda<\/span>, deutsch <span lang=\"de\">\u201aHerz\u2018<\/span>, und <span class=\"Grek\" lang=\"grc-Grek\">\u03b3\u03c1\u03ac\u03bc\u03bc\u03b1<\/span> <span class=\"Latn\" lang=\"grc-Latn\">gr\u00e1mma<\/span>, deutsch <span lang=\"de\">\u201aGeschriebenes\u2018<\/span>) ist die Aufzeichnung der Summe der <a title=\"Elektrizit\u00e4t\" href=\"https:\/\/de.wikipedia.org\/wiki\/Elektrizit%C3%A4t\">elektrischen<\/a> Aktivit\u00e4ten aller <a title=\"Herzmuskel\" href=\"https:\/\/de.wikipedia.org\/wiki\/Herzmuskel\">Herzmuskelfasern<\/a> mittels eines <b>Elektrokardiografen<\/b> (auch <i>EKG-Ger\u00e4t<\/i> genannt). Den Aufzeichnungsvorgang bezeichnet man als <b>Elektrokardiographie<\/b>. Das Elektrokardiogramm tr\u00e4gt im Deutschen auch die Bezeichnung <i>Herzspannungskurve<\/i>, gelegentlich wird es auch <i>Herzschrift<\/i> genannt.<\/p><p>Jeder <a title=\"Muskelkontraktion\" href=\"https:\/\/de.wikipedia.org\/wiki\/Muskelkontraktion\">Kontraktion<\/a> des Herzmuskels geht eine elektrische Erregung voraus, die im Normalfall vom <a title=\"Sinusknoten\" href=\"https:\/\/de.wikipedia.org\/wiki\/Sinusknoten\">Sinusknoten<\/a> ausgeht. \u00dcber das <a title=\"Erregungsleitungssystem\" href=\"https:\/\/de.wikipedia.org\/wiki\/Erregungsleitungssystem\">herzeigene elektrische Leitungssystem aus spezialisierten Herzmuskelzellen<\/a> l\u00e4uft sie zu den \u00fcbrigen Herzmuskelzellen. Diese elektrischen <a title=\"Elektrische Spannung\" href=\"https:\/\/de.wikipedia.org\/wiki\/Elektrische_Spannung\">Spannungs\u00e4nderungen<\/a> am Herzen kann man an der K\u00f6rperoberfl\u00e4che messen und im Zeitverlauf aufzeichnen. Es ergibt sich ein immer wiederkehrendes Bild der elektrischen Herzaktion. Mit dem EKG lassen sich vielf\u00e4ltige Aussagen zu Eigenschaften und Gesundheit des Herzens treffen. Zu beachten ist, dass das Oberfl\u00e4chen-EKG nur die elektrische Aktivit\u00e4t des Herzmuskels anzeigt, nicht jedoch die tats\u00e4chliche <a title=\"Ejektionsfraktion\" href=\"https:\/\/de.wikipedia.org\/wiki\/Ejektionsfraktion\">Auswurfleistung<\/a> widerspiegelt. Meist wird das EKG von zunehmend verl\u00e4sslicheren <a title=\"Computerprogramm\" href=\"https:\/\/de.wikipedia.org\/wiki\/Computerprogramm\">Computerprogrammen<\/a> ausgewertet, was jedoch die Beurteilung der Aufzeichnung auf Papier oder auf dem Bildschirm durch den <a title=\"Arzt\" href=\"https:\/\/de.wikipedia.org\/wiki\/Arzt\">Arzt<\/a> nicht entbehrlich macht.<\/p>\t\t\t\t\t\t\t\t<\/div>\n\t\t\t\t<\/div>\n\t\t\t\t<div class=\"elementor-element elementor-element-ac9b81d elementor-widget elementor-widget-image\" data-id=\"ac9b81d\" data-element_type=\"widget\" data-e-type=\"widget\" data-widget_type=\"image.default\">\n\t\t\t\t<div class=\"elementor-widget-container\">\n\t\t\t\t\t\t\t\t\t\t\t\t\t\t\t<img fetchpriority=\"high\" decoding=\"async\" width=\"780\" height=\"585\" src=\"https:\/\/doktor-pro.at\/wp-content\/uploads\/2021\/03\/ekg.jpg\" class=\"attachment-large size-large wp-image-33\" alt=\"\" srcset=\"https:\/\/doktor-pro.at\/wp-content\/uploads\/2021\/03\/ekg.jpg 780w, https:\/\/doktor-pro.at\/wp-content\/uploads\/2021\/03\/ekg-300x225.jpg 300w, https:\/\/doktor-pro.at\/wp-content\/uploads\/2021\/03\/ekg-768x576.jpg 768w\" sizes=\"(max-width: 780px) 100vw, 780px\" \/>\t\t\t\t\t\t\t\t\t\t\t\t\t\t\t<\/div>\n\t\t\t\t<\/div>\n\t\t\t\t\t<\/div>\n\t\t<\/div>\n\t\t\t\t\t<\/div>\n\t\t<\/section>\n\t\t\t\t<\/div>\n\t\t","protected":false},"excerpt":{"rendered":"<p>Elektrokardiogramm Das Elektrokardiogramm (EKG) (zu altgriechisch \u03ba\u03b1\u03c1\u03b4\u03af\u03b1 kard\u00eda, deutsch \u201aHerz\u2018, und \u03b3\u03c1\u03ac\u03bc\u03bc\u03b1 gr\u00e1mma, deutsch \u201aGeschriebenes\u2018) ist die Aufzeichnung der Summe der elektrischen Aktivit\u00e4ten aller Herzmuskelfasern mittels eines Elektrokardiografen (auch EKG-Ger\u00e4t genannt). Den Aufzeichnungsvorgang bezeichnet man als Elektrokardiographie. Das Elektrokardiogramm tr\u00e4gt im Deutschen auch die Bezeichnung Herzspannungskurve, gelegentlich wird es auch Herzschrift genannt. Jeder Kontraktion des [&hellip;]<\/p>\n","protected":false},"author":1,"featured_media":0,"parent":0,"menu_order":0,"comment_status":"closed","ping_status":"closed","template":"","meta":{"footnotes":""},"class_list":["post-10","page","type-page","status-publish","hentry"],"_links":{"self":[{"href":"https:\/\/doktor-pro.at\/index.php?rest_route=\/wp\/v2\/pages\/10","targetHints":{"allow":["GET"]}}],"collection":[{"href":"https:\/\/doktor-pro.at\/index.php?rest_route=\/wp\/v2\/pages"}],"about":[{"href":"https:\/\/doktor-pro.at\/index.php?rest_route=\/wp\/v2\/types\/page"}],"author":[{"embeddable":true,"href":"https:\/\/doktor-pro.at\/index.php?rest_route=\/wp\/v2\/users\/1"}],"replies":[{"embeddable":true,"href":"https:\/\/doktor-pro.at\/index.php?rest_route=%2Fwp%2Fv2%2Fcomments&post=10"}],"version-history":[{"count":4,"href":"https:\/\/doktor-pro.at\/index.php?rest_route=\/wp\/v2\/pages\/10\/revisions"}],"predecessor-version":[{"id":132,"href":"https:\/\/doktor-pro.at\/index.php?rest_route=\/wp\/v2\/pages\/10\/revisions\/132"}],"wp:attachment":[{"href":"https:\/\/doktor-pro.at\/index.php?rest_route=%2Fwp%2Fv2%2Fmedia&parent=10"}],"curies":[{"name":"wp","href":"https:\/\/api.w.org\/{rel}","templated":true}]}}